{"id":8710,"date":"2024-11-08T22:36:51","date_gmt":"2024-11-08T22:36:51","guid":{"rendered":"https:\/\/tuliopaints.com\/?page_id=8710"},"modified":"2024-11-25T16:23:30","modified_gmt":"2024-11-25T16:23:30","slug":"tulikettu-mural-with-light-art-gallery","status":"publish","type":"page","link":"https:\/\/tuliopaints.com\/?page_id=8710","title":{"rendered":"Tulikettu mural with light art gallery"},"content":{"rendered":"\n<p><\/p>\n\n\n<style>.wp-block-kadence-column.kb-section-dir-horizontal > .kt-inside-inner-col > .kt-info-box8710_13d70a-8e{max-width:100%;}.wp-block-kadence-column.kb-section-dir-horizontal > .kt-inside-inner-col > .kt-info-box8710_13d70a-8e .kt-blocks-info-box-link-wrap{max-width:unset;}.kt-info-box8710_13d70a-8e .kt-blocks-info-box-link-wrap{border-top:5px solid #e5e5e5;border-right:5px solid #e5e5e5;border-bottom:5px solid #e5e5e5;border-left:5px solid #e5e5e5;border-top-left-radius:150px;border-top-right-radius:150px;border-bottom-right-radius:150px;border-bottom-left-radius:150px;background:#fbff45;max-width:100%;padding-top:24px;padding-right:24px;padding-bottom:24px;padding-left:24px;margin-top:20px;margin-right:20px;margin-bottom:20px;margin-left:20px;}.kt-info-box8710_13d70a-8e .kt-blocks-info-box-media-align-top .kt-blocks-info-box-media-container{max-width:100%;}.kt-info-box8710_13d70a-8e .kt-blocks-info-box-link-wrap:hover{background:#fbff45;}.kt-info-box8710_13d70a-8e .kadence-info-box-icon-container .kt-info-svg-icon, .kt-info-box8710_13d70a-8e .kt-info-svg-icon-flip, .kt-info-box8710_13d70a-8e .kt-blocks-info-box-number{font-size:5px;}.kt-info-box8710_13d70a-8e .kt-blocks-info-box-media{background:#ffffff;border-color:#eeeeee;border-radius:200px;overflow:hidden;border-top-width:5px;border-right-width:5px;border-bottom-width:5px;border-left-width:5px;padding-top:20px;padding-right:20px;padding-bottom:20px;padding-left:20px;}.kt-info-box8710_13d70a-8e .kt-blocks-info-box-media-container{margin-top:20px;margin-right:0px;margin-bottom:20px;margin-left:0px;}.kt-info-box8710_13d70a-8e .kt-blocks-info-box-media .kadence-info-box-image-intrisic img{border-radius:200px;}.kt-info-box8710_13d70a-8e .kt-blocks-info-box-link-wrap:hover .kt-blocks-info-box-media{background:#ffffff;border-color:#eeeeee;}.kt-info-box8710_13d70a-8e .kt-infobox-textcontent h4.kt-blocks-info-box-title{font-size:30px;font-weight:bold;margin-top:0px;margin-right:0px;margin-bottom:0px;margin-left:0px;}.kt-info-box8710_13d70a-8e .kt-infobox-textcontent .kt-blocks-info-box-text{color:#000000;}.wp-block-kadence-infobox.kt-info-box8710_13d70a-8e .kt-blocks-info-box-text{font-size:16px;line-height:20px;font-family:-apple-system,BlinkMacSystemFont,\"Segoe UI\",Roboto,Oxygen-Sans,Ubuntu,Cantarell,\"Helvetica Neue\",sans-serif, \"Apple Color Emoji\", \"Segoe UI Emoji\", \"Segoe UI Symbol\";font-style:normal;padding-top:25px;padding-right:25px;padding-bottom:25px;padding-left:25px;margin-top:-17px;margin-right:-17px;margin-bottom:-17px;margin-left:-17px;}.kt-info-box8710_13d70a-8e .kt-blocks-info-box-learnmore{background:transparent;border-color:#555555;border-width:0px 0px 0px 0px;padding-top:4px;padding-right:8px;padding-bottom:4px;padding-left:8px;margin-top:10px;margin-right:0px;margin-bottom:10px;margin-left:0px;}.kt-info-box8710_13d70a-8e .kt-blocks-info-box-link-wrap:hover .kt-blocks-info-box-learnmore,.kt-info-box8710_13d70a-8e .kt-blocks-info-box-link-wrap .kt-blocks-info-box-learnmore:focus{color:#ffffff;background:#444444;border-color:#444444;}@media all and (max-width: 1024px){.kt-info-box8710_13d70a-8e .kt-blocks-info-box-link-wrap{border-top:5px solid #e5e5e5;border-right:5px solid #e5e5e5;border-bottom:5px solid #e5e5e5;border-left:5px solid #e5e5e5;text-align:center;}}@media all and (max-width: 767px){.kt-info-box8710_13d70a-8e .kt-blocks-info-box-link-wrap{border-top:5px solid #e5e5e5;border-right:5px solid #e5e5e5;border-bottom:5px solid #e5e5e5;border-left:5px solid #e5e5e5;text-align:center;}.kt-info-box8710_13d70a-8e .kt-infobox-textcontent h4.kt-blocks-info-box-title{font-size:25px;line-height:34px;}}<\/style>\n<div class=\"wp-block-kadence-infobox kt-info-box8710_13d70a-8e\"><span class=\"kt-blocks-info-box-link-wrap info-box-link kt-blocks-info-box-media-align-top kt-info-halign-center kb-info-tablet-halign-center kb-info-mobile-halign-center\"><div class=\"kt-infobox-textcontent\"><h4 class=\"kt-blocks-info-box-title\">Tulikettu \/ Firefox mural with light art<\/h4><p class=\"kt-blocks-info-box-text\">Dimensions: 3,1 x 22,6 meters<br\/>Mediums: acrylic paints and spray paints\u00a0<br\/>Project year: 2024<br\/><br\/>The city of Rovaniemi and the Sitowise company commissioned this mural and with lighting designer Anssi M\u00e4kinen we created this artwork under the iconic J\u00e4tk\u00e4nkynttil\u00e4 bridge at Rovaniemi, Lapland, Finland.<br\/><br\/>A folklore legend of an arctic fox with a sparkling tail running across the sky and thus creating the aurora borealis was the starting point. During dark hours (which are many in the polar winter) the grayscale painting is lit up with colourful moving auroras generating a magical feeling. <br\/><br\/><\/p><\/div><\/span><\/div>\n\n\n\nngg_shortcode_0_placeholder\n","protected":false},"excerpt":{"rendered":"","protected":false},"author":1,"featured_media":0,"parent":0,"menu_order":0,"comment_status":"closed","ping_status":"closed","template":"","meta":{"_monsterinsights_skip_tracking":false,"_monsterinsights_sitenote_active":false,"_monsterinsights_sitenote_note":"","_monsterinsights_sitenote_category":0,"ngg_post_thumbnail":0,"footnotes":""},"class_list":["post-8710","page","type-page","status-publish","hentry","entry"],"aioseo_notices":[],"_links":{"self":[{"href":"https:\/\/tuliopaints.com\/index.php?rest_route=\/wp\/v2\/pages\/8710","targetHints":{"allow":["GET"]}}],"collection":[{"href":"https:\/\/tuliopaints.com\/index.php?rest_route=\/wp\/v2\/pages"}],"about":[{"href":"https:\/\/tuliopaints.com\/index.php?rest_route=\/wp\/v2\/types\/page"}],"author":[{"embeddable":true,"href":"https:\/\/tuliopaints.com\/index.php?rest_route=\/wp\/v2\/users\/1"}],"replies":[{"embeddable":true,"href":"https:\/\/tuliopaints.com\/index.php?rest_route=%2Fwp%2Fv2%2Fcomments&post=8710"}],"version-history":[{"count":7,"href":"https:\/\/tuliopaints.com\/index.php?rest_route=\/wp\/v2\/pages\/8710\/revisions"}],"predecessor-version":[{"id":8798,"href":"https:\/\/tuliopaints.com\/index.php?rest_route=\/wp\/v2\/pages\/8710\/revisions\/8798"}],"wp:attachment":[{"href":"https:\/\/tuliopaints.com\/index.php?rest_route=%2Fwp%2Fv2%2Fmedia&parent=8710"}],"curies":[{"name":"wp","href":"https:\/\/api.w.org\/{rel}","templated":true}]}}